{"id":1495,"date":"2025-04-13T21:26:05","date_gmt":"2025-04-13T19:26:05","guid":{"rendered":"https:\/\/rednrebelband.com\/?page_id=1495"},"modified":"2025-04-14T13:06:37","modified_gmt":"2025-04-14T11:06:37","slug":"aviso-legal","status":"publish","type":"page","link":"https:\/\/rednrebelband.com\/en\/aviso-legal\/","title":{"rendered":"Legal Notice"},"content":{"rendered":"<div class=\"wp-block-stackable-heading stk-block-heading stk-block-heading--v2 stk-block stk-8f14dc3\" id=\"aviso-legal\" data-block-id=\"8f14dc3\"><h1 class=\"stk-block-heading__text\">Legal Notice<\/h1><\/div>\n\n\n\n<div class=\"wp-block-stackable-text stk-block-text stk-block stk-a46db01\" data-block-id=\"a46db01\"><style>.stk-a46db01 .stk-block-text__text{font-size:19px !important;color:var(--theme-palette-color-5, #c7c7c7) !important;}@media screen and (max-width:999px){.stk-a46db01 .stk-block-text__text{font-size:19px !important;}}<\/style><p class=\"stk-block-text__text has-text-color\">Owner: Red n'Rebel<\/p><\/div>\n\n\n\n<div class=\"wp-block-stackable-text stk-block-text stk-block stk-c24a067\" data-block-id=\"c24a067\"><style>.stk-c24a067 .stk-block-text__text{font-size:19px !important;color:var(--theme-palette-color-5, #c7c7c7) !important;}@media screen and (max-width:999px){.stk-c24a067 .stk-block-text__text{font-size:19px !important;}}<\/style><p class=\"stk-block-text__text has-text-color\">Email: contact@rednrebelband.com<\/p><\/div>\n\n\n\n<div class=\"wp-block-stackable-text stk-block-text stk-block stk-70a9b91\" data-block-id=\"70a9b91\"><style>.stk-70a9b91 .stk-block-text__text{font-size:19px !important;color:var(--theme-palette-color-5, #c7c7c7) !important;}@media screen and (max-width:999px){.stk-70a9b91 .stk-block-text__text{font-size:19px !important;}}<\/style><p class=\"stk-block-text__text has-text-color\">Activity: Official website of the band Red n'Rebel.<\/p><\/div>\n\n\n\n<div class=\"wp-block-stackable-text stk-block-text stk-block stk-2ee9dd6\" data-block-id=\"2ee9dd6\"><style>.stk-2ee9dd6 .stk-block-text__text{font-size:19px !important;color:var(--theme-palette-color-5, #c7c7c7) !important;}@media screen and (max-width:999px){.stk-2ee9dd6 .stk-block-text__text{font-size:19px !important;}}<\/style><p class=\"stk-block-text__text has-text-color\">This site is not a commercial platform and does not represent a legally constituted entity. Its sole purpose is to provide information about the band, their music, and related news.<\/p><\/div>\n\n\n\n<div class=\"wp-block-stackable-text stk-block-text stk-block stk-6459b03\" data-block-id=\"6459b03\"><style>.stk-6459b03 .stk-block-text__text{font-size:19px !important;color:var(--theme-palette-color-5, #c7c7c7) !important;}@media screen and (max-width:999px){.stk-6459b03 .stk-block-text__text{font-size:19px !important;}}<\/style><p class=\"stk-block-text__text has-text-color\">All content (texts, images, audio, and videos) is the property of Red N\u2019 Rebel or used with permission, and is protected by copyright. Reproduction, distribution, or modification without the prior consent of the owner is strictly prohibited.<\/p><\/div>\n\n\n\n<div class=\"wp-block-stackable-text stk-block-text stk-block stk-9e9498a\" data-block-id=\"9e9498a\"><style>.stk-9e9498a {margin-bottom:50px !important;}.stk-9e9498a .stk-block-text__text{font-size:19px !important;color:var(--theme-palette-color-5, #c7c7c7) !important;}@media screen and (max-width:999px){.stk-9e9498a .stk-block-text__text{font-size:19px !important;}}<\/style><p class=\"stk-block-text__text has-text-color\">Accessing this website implies acceptance of the conditions of use described herein.<\/p><\/div>\n\n\n\n<div class=\"wp-block-stackable-columns stk-block-columns stk-block stk-34bf71c\" data-block-id=\"34bf71c\"><div class=\"stk-row stk-inner-blocks stk-block-content stk-content-align stk-34bf71c-column\">\n<div class=\"wp-block-stackable-column stk-block-column stk-column stk-block stk-ae6eb5f\" data-v=\"4\" data-block-id=\"ae6eb5f\"><div class=\"stk-column-wrapper stk-block-column__content stk-container stk-ae6eb5f-container stk--no-background stk--no-padding\"><div class=\"stk-block-content stk-inner-blocks stk-ae6eb5f-inner-blocks\">\n<div class=\"wp-block-stackable-button-group stk-block-button-group stk-block stk-3627f7c\" data-block-id=\"3627f7c\"><style>.stk-3627f7c {margin-top:30px !important;margin-bottom:30px !important;}<\/style><div class=\"stk-row stk-inner-blocks has-text-align-center stk-block-content stk-button-group\">\n<div class=\"wp-block-stackable-button stk-block-button stk-block stk-a61a15f\" data-block-id=\"a61a15f\"><a class=\"stk-link stk-button stk--hover-effect-darken\" href=\"https:\/\/rednrebelband.com\/en\/\"><span class=\"stk-button__inner-text\">Back to Home<\/span><\/a><\/div>\n<\/div><\/div>\n<\/div><\/div><\/div>\n<\/div><\/div>","protected":false},"excerpt":{"rendered":"<p>Aviso Legal Titular: Red n&#8217;Rebel Correo electr\u00f3nico: contact@rednrebelband.com Actividad: Sitio web oficial de la banda Red n&#8217;Rebel. Este sitio no tiene finalidad comercial directa ni representa una entidad con forma jur\u00eddica constituida. La finalidad del sitio es ofrecer informaci\u00f3n sobre la banda, su actividad musical y noticias relacionadas. Todos los contenidos (textos, im\u00e1genes, audios y [&hellip;]<\/p>","protected":false},"author":1,"featured_media":0,"parent":0,"menu_order":0,"comment_status":"closed","ping_status":"closed","template":"","meta":{"footnotes":""},"class_list":["post-1495","page","type-page","status-publish","hentry"],"blocksy_meta":[],"_links":{"self":[{"href":"https:\/\/rednrebelband.com\/en\/wp-json\/wp\/v2\/pages\/1495","targetHints":{"allow":["GET"]}}],"collection":[{"href":"https:\/\/rednrebelband.com\/en\/wp-json\/wp\/v2\/pages"}],"about":[{"href":"https:\/\/rednrebelband.com\/en\/wp-json\/wp\/v2\/types\/page"}],"author":[{"embeddable":true,"href":"https:\/\/rednrebelband.com\/en\/wp-json\/wp\/v2\/users\/1"}],"replies":[{"embeddable":true,"href":"https:\/\/rednrebelband.com\/en\/wp-json\/wp\/v2\/comments?post=1495"}],"version-history":[{"count":9,"href":"https:\/\/rednrebelband.com\/en\/wp-json\/wp\/v2\/pages\/1495\/revisions"}],"predecessor-version":[{"id":1550,"href":"https:\/\/rednrebelband.com\/en\/wp-json\/wp\/v2\/pages\/1495\/revisions\/1550"}],"wp:attachment":[{"href":"https:\/\/rednrebelband.com\/en\/wp-json\/wp\/v2\/media?parent=1495"}],"curies":[{"name":"wp","href":"https:\/\/api.w.org\/{rel}","templated":true}]}}