{"id":1499,"date":"2025-04-13T21:28:17","date_gmt":"2025-04-13T19:28:17","guid":{"rendered":"https:\/\/rednrebelband.com\/?page_id=1499"},"modified":"2025-04-14T13:06:05","modified_gmt":"2025-04-14T11:06:05","slug":"politica-de-privacidad","status":"publish","type":"page","link":"https:\/\/rednrebelband.com\/en\/politica-de-privacidad\/","title":{"rendered":"Privacy Policy"},"content":{"rendered":"<div class=\"wp-block-stackable-heading stk-block-heading stk-block-heading--v2 stk-block stk-d92265d\" id=\"politica-de-privacidad\" data-block-id=\"d92265d\"><h1 class=\"stk-block-heading__text\">Privacy Policy<\/h1><\/div>\n\n\n\n<div class=\"wp-block-stackable-text stk-block-text stk-block stk-900a738\" data-block-id=\"900a738\"><style>.stk-900a738 .stk-block-text__text{font-size:19px !important;color:var(--theme-palette-color-5, #c7c7c7) !important;}@media screen and (max-width:999px){.stk-900a738 .stk-block-text__text{font-size:19px !important;}}<\/style><p class=\"stk-block-text__text has-text-color\">Red n'Rebel does not collect personal data through contact forms on this website.<\/p><\/div>\n\n\n\n<div class=\"wp-block-stackable-text stk-block-text stk-block stk-d9f9344\" data-block-id=\"d9f9344\"><style>.stk-d9f9344 .stk-block-text__text{font-size:19px !important;color:var(--theme-palette-color-5, #c7c7c7) !important;}@media screen and (max-width:999px){.stk-d9f9344 .stk-block-text__text{font-size:19px !important;}}<\/style><p class=\"stk-block-text__text has-text-color\">Browsing data may be collected via analytical and third-party cookies, as described in our <a href=\"https:\/\/rednrebelband.com\/en\/politica-de-cookies\/\">Cookies Policy<\/a>.<\/p><\/div>\n\n\n\n<div class=\"wp-block-stackable-text stk-block-text stk-block stk-5470c06\" data-block-id=\"5470c06\"><style>.stk-5470c06 {margin-bottom:50px !important;}.stk-5470c06 .stk-block-text__text{font-size:19px !important;color:var(--theme-palette-color-5, #c7c7c7) !important;}@media screen and (max-width:999px){.stk-5470c06 .stk-block-text__text{font-size:19px !important;}}<\/style><p class=\"stk-block-text__text has-text-color\">Red n'Rebel does not process or share any personally identifiable data.<\/p><\/div>\n\n\n\n<div class=\"wp-block-stackable-button-group stk-block-button-group stk-block stk-3627f7c\" data-block-id=\"3627f7c\"><style>.stk-3627f7c {margin-top:30px !important;margin-bottom:30px !important;}<\/style><div class=\"stk-row stk-inner-blocks has-text-align-center stk-block-content stk-button-group\">\n<div class=\"wp-block-stackable-button stk-block-button stk-block stk-a61a15f\" data-block-id=\"a61a15f\"><a class=\"stk-link stk-button stk--hover-effect-darken\" href=\"https:\/\/rednrebelband.com\/en\/\"><span class=\"stk-button__inner-text\">Back to Home<\/span><\/a><\/div>\n<\/div><\/div>","protected":false},"excerpt":{"rendered":"<p>Pol\u00edtica de Privacidad Red n&#8217;Rebel no recoge datos personales directamente a trav\u00e9s de formularios en esta web. Los datos de navegaci\u00f3n pueden ser recopilados mediante cookies anal\u00edticas y de terceros, conforme a lo indicado en la Pol\u00edtica de Cookies. No se realiza tratamiento ni cesi\u00f3n de datos personales identificables por parte de Red n&#8217;Rebel.<\/p>","protected":false},"author":1,"featured_media":0,"parent":0,"menu_order":0,"comment_status":"closed","ping_status":"closed","template":"","meta":{"footnotes":""},"class_list":["post-1499","page","type-page","status-publish","hentry"],"blocksy_meta":[],"_links":{"self":[{"href":"https:\/\/rednrebelband.com\/en\/wp-json\/wp\/v2\/pages\/1499","targetHints":{"allow":["GET"]}}],"collection":[{"href":"https:\/\/rednrebelband.com\/en\/wp-json\/wp\/v2\/pages"}],"about":[{"href":"https:\/\/rednrebelband.com\/en\/wp-json\/wp\/v2\/types\/page"}],"author":[{"embeddable":true,"href":"https:\/\/rednrebelband.com\/en\/wp-json\/wp\/v2\/users\/1"}],"replies":[{"embeddable":true,"href":"https:\/\/rednrebelband.com\/en\/wp-json\/wp\/v2\/comments?post=1499"}],"version-history":[{"count":6,"href":"https:\/\/rednrebelband.com\/en\/wp-json\/wp\/v2\/pages\/1499\/revisions"}],"predecessor-version":[{"id":1548,"href":"https:\/\/rednrebelband.com\/en\/wp-json\/wp\/v2\/pages\/1499\/revisions\/1548"}],"wp:attachment":[{"href":"https:\/\/rednrebelband.com\/en\/wp-json\/wp\/v2\/media?parent=1499"}],"curies":[{"name":"wp","href":"https:\/\/api.w.org\/{rel}","templated":true}]}}