{"id":1501,"date":"2025-04-13T21:30:18","date_gmt":"2025-04-13T19:30:18","guid":{"rendered":"https:\/\/rednrebelband.com\/?page_id=1501"},"modified":"2025-04-14T13:08:26","modified_gmt":"2025-04-14T11:08:26","slug":"politica-de-cookies","status":"publish","type":"page","link":"https:\/\/rednrebelband.com\/en\/politica-de-cookies\/","title":{"rendered":"Cookies Policy"},"content":{"rendered":"<div class=\"wp-block-stackable-heading stk-block-heading stk-block-heading--v2 stk-block stk-fcb5e43\" id=\"politica-de-cookies\" data-block-id=\"fcb5e43\"><h1 class=\"stk-block-heading__text\">Cookies Policy<\/h1><\/div>\n\n\n\n<div class=\"wp-block-stackable-text stk-block-text stk-block stk-cab7d47\" data-block-id=\"cab7d47\"><style>.stk-cab7d47 .stk-block-text__text{font-size:19px !important;color:var(--theme-palette-color-5, #c7c7c7) !important;}@media screen and (max-width:999px){.stk-cab7d47 .stk-block-text__text{font-size:19px !important;}}<\/style><p class=\"stk-block-text__text has-text-color\">This website uses its own and third-party cookies for analytical purposes. Cookies help us understand browsing habits and improve the user experience.<\/p><\/div>\n\n\n\n<div class=\"wp-block-stackable-text stk-block-text stk-block stk-13a61b3\" data-block-id=\"13a61b3\"><style>.stk-13a61b3 .stk-block-text__text{font-size:19px !important;color:var(--theme-palette-color-5, #c7c7c7) !important;}@media screen and (max-width:999px){.stk-13a61b3 .stk-block-text__text{font-size:19px !important;}}<\/style><p class=\"stk-block-text__text has-text-color\">You can configure your browser to block or delete these cookies.<\/p><\/div>\n\n\n\n<div class=\"wp-block-stackable-text stk-block-text stk-block stk-74d3dbd\" data-block-id=\"74d3dbd\"><style>.stk-74d3dbd .stk-block-text__text{font-size:19px !important;color:var(--theme-palette-color-5, #c7c7c7) !important;}@media screen and (max-width:999px){.stk-74d3dbd .stk-block-text__text{font-size:19px !important;}}<\/style><p class=\"stk-block-text__text has-text-color\">Cookies used:<\/p><\/div>\n\n\n\n<ul class=\"wp-block-list\">\n<li style=\"margin-top:var(--wp--preset--spacing--40);margin-bottom:var(--wp--preset--spacing--40);font-size:clamp(14px, 0.875rem + ((1vw - 3.2px) * 0.391), 19px);\"><span style=\"color: var(--theme-palette-color-5, #c7c7c7);\" class=\"stk-highlight\"><strong>Google Analytics<\/strong>: Collects anonymous data about how the site is used.<\/span><\/li>\n\n\n\n<li style=\"font-size:clamp(14px, 0.875rem + ((1vw - 3.2px) * 0.391), 19px);\"><span style=\"color: var(--theme-palette-color-5, #c7c7c7);\" class=\"stk-highlight\"><strong>Third-party cookies<\/strong>: Services such as YouTube or social media platforms may install cookies when their embedded content is viewed.<\/span><\/li>\n<\/ul>\n\n\n\n<div class=\"wp-block-stackable-spacer stk-block-spacer stk--no-padding stk-block stk-8ddac6d\" data-block-id=\"8ddac6d\"><style>.stk-8ddac6d {height:20px !important;}<\/style><\/div>\n\n\n\n<div class=\"wp-block-stackable-button-group stk-block-button-group stk-block stk-3627f7c\" data-block-id=\"3627f7c\"><style>.stk-3627f7c {margin-top:30px !important;margin-bottom:30px !important;}<\/style><div class=\"stk-row stk-inner-blocks has-text-align-center stk-block-content stk-button-group\">\n<div class=\"wp-block-stackable-button stk-block-button stk-block stk-a61a15f\" data-block-id=\"a61a15f\"><a class=\"stk-link stk-button stk--hover-effect-darken\" href=\"https:\/\/rednrebelband.com\/en\/\"><span class=\"stk-button__inner-text\">Back to Home<\/span><\/a><\/div>\n<\/div><\/div>\n\n\n\n<div class=\"wp-block-stackable-text stk-block-text stk-block stk-fd9235a\" data-block-id=\"fd9235a\"><p class=\"stk-block-text__text\"><\/p><\/div>","protected":false},"excerpt":{"rendered":"<p>Pol\u00edtica de Cookies Este sitio web utiliza cookies propias y de terceros con fines anal\u00edticos. Las cookies permiten conocer h\u00e1bitos de navegaci\u00f3n y mejorar la experiencia del usuario. Puedes configurar tu navegador para bloquear o eliminar estas cookies. Cookies utilizadas:<\/p>","protected":false},"author":1,"featured_media":0,"parent":0,"menu_order":0,"comment_status":"closed","ping_status":"closed","template":"","meta":{"footnotes":""},"class_list":["post-1501","page","type-page","status-publish","hentry"],"blocksy_meta":[],"_links":{"self":[{"href":"https:\/\/rednrebelband.com\/en\/wp-json\/wp\/v2\/pages\/1501","targetHints":{"allow":["GET"]}}],"collection":[{"href":"https:\/\/rednrebelband.com\/en\/wp-json\/wp\/v2\/pages"}],"about":[{"href":"https:\/\/rednrebelband.com\/en\/wp-json\/wp\/v2\/types\/page"}],"author":[{"embeddable":true,"href":"https:\/\/rednrebelband.com\/en\/wp-json\/wp\/v2\/users\/1"}],"replies":[{"embeddable":true,"href":"https:\/\/rednrebelband.com\/en\/wp-json\/wp\/v2\/comments?post=1501"}],"version-history":[{"count":10,"href":"https:\/\/rednrebelband.com\/en\/wp-json\/wp\/v2\/pages\/1501\/revisions"}],"predecessor-version":[{"id":1553,"href":"https:\/\/rednrebelband.com\/en\/wp-json\/wp\/v2\/pages\/1501\/revisions\/1553"}],"wp:attachment":[{"href":"https:\/\/rednrebelband.com\/en\/wp-json\/wp\/v2\/media?parent=1501"}],"curies":[{"name":"wp","href":"https:\/\/api.w.org\/{rel}","templated":true}]}}