{"id":17,"date":"2025-03-12T22:01:24","date_gmt":"2025-03-12T21:01:24","guid":{"rendered":"https:\/\/rednrebelband.com\/?page_id=17"},"modified":"2025-11-13T20:57:54","modified_gmt":"2025-11-13T19:57:54","slug":"proximos-conciertos","status":"publish","type":"page","link":"https:\/\/rednrebelband.com\/en\/proximos-conciertos\/","title":{"rendered":"Agenda"},"content":{"rendered":"<div class=\"wp-block-stackable-columns alignfull stk-block-columns stk-block stk-af6d7cf stk-block-background stk--has-background-overlay\" data-block-id=\"af6d7cf\"><style>.stk-af6d7cf .stk--block-align-af6d7cf{align-items:center !important;}.stk-af6d7cf {background-image:url(https:\/\/rednrebelband.com\/wp-content\/uploads\/2025\/04\/IMG_3429_1.webp) !important;background-position:center center !important;background-size:cover !important;align-items:center !important;margin-bottom:100px !important;display:flex !important;}.stk-af6d7cf:before{background-color:#000000 !important;opacity:0.5 !important;}.stk-af6d7cf > .stk-separator__top .stk-separator__wrapper{height:30px !important;}.stk-af6d7cf-column{--stk-columns-spacing:80px !important;row-gap:0px !important;}@media screen and (max-width:689px){.stk-af6d7cf {background-position:center center !important;background-repeat:no-repeat !important;background-size:cover !important;margin-bottom:100px !important;}}<\/style><div class=\"stk-row stk-inner-blocks stk--block-align-af6d7cf stk-block-content stk-content-align stk-af6d7cf-column\">\n<div class=\"wp-block-stackable-column stk-block-column stk-column stk-block stk-edb7c19\" data-v=\"4\" data-block-id=\"edb7c19\"><style>.stk-edb7c19-inner-blocks{align-items:center !important;}<\/style><div class=\"stk-column-wrapper stk-block-column__content stk-container stk-edb7c19-container stk--no-background stk--no-padding\"><div class=\"stk--column-flex stk-block-content stk-inner-blocks stk-edb7c19-inner-blocks\">\n<div class=\"wp-block-stackable-heading stk-block-heading stk-block-heading--v2 stk-block stk-b2b3739\" id=\"span-style-color-ffffff-class-stk-highlight-proximos-eventos-span\" data-block-id=\"b2b3739\"><style>@media screen and (max-width:689px){.stk-b2b3739 {margin-right:-70px !important;margin-left:-70px !important;}}<\/style><h1 class=\"stk-block-heading__text has-text-align-center-mobile\"><span style=\"color: #ffffff;\" class=\"stk-highlight\">Upcoming shows<\/span><\/h1><\/div>\n<\/div><\/div><\/div>\n<\/div><\/div>\n\n\n\n<div class=\"wp-block-stackable-columns stk-block-columns stk-block stk-f42c83c\" data-block-id=\"f42c83c\"><style>.stk-f42c83c {min-height:0px !important;}<\/style><div class=\"stk-row stk-inner-blocks stk-block-content stk-content-align stk-f42c83c-column\">\n<div class=\"wp-block-stackable-column stk-block-column stk-column stk-block stk-7bfe5c4\" data-v=\"4\" data-block-id=\"7bfe5c4\"><style>.stk-7bfe5c4 {align-self:center !important;}@media screen and (min-width:690px){.stk-7bfe5c4 {flex:var(--stk-flex-grow, 1) 1 calc(25% - var(--stk-column-gap, 0px) * 1 \/ 2 ) !important;}}<\/style><div class=\"stk-column-wrapper stk-block-column__content stk-container stk-7bfe5c4-container stk--no-background stk--no-padding\"><div class=\"stk-block-content stk-inner-blocks stk-7bfe5c4-inner-blocks\">\n<h4 class=\"wp-block-heading\">21 Noviembre, 2025<\/h4>\n\n\n\n<div class=\"wp-block-stackable-text stk-block-text stk-block stk-c625391\" data-block-id=\"c625391\"><style>.stk-c625391 {margin-top:-20px !important;}.stk-c625391 .stk-block-text__text{font-size:22px !important;color:var(--theme-palette-color-8, #ffffff) !important;}@media screen and (max-width:999px){.stk-c625391 .stk-block-text__text{font-size:22px !important;}}<\/style><p class=\"stk-block-text__text has-text-color\"><\/p><\/div>\n<\/div><\/div><\/div>\n\n\n\n<div class=\"wp-block-stackable-column stk-block-column stk-column stk-block stk-20a814a stk-block-background\" data-v=\"4\" data-block-id=\"20a814a\"><style>.stk-20a814a {background-color:var(--theme-palette-color-7, #fcf0c7) !important;border-top-left-radius:5px !important;border-top-right-radius:5px !important;border-bottom-right-radius:5px !important;border-bottom-left-radius:5px !important;overflow:hidden !important;min-height:0px !important;}.stk-20a814a:before{background-color:var(--theme-palette-color-7, #fcf0c7) !important;}@media screen and (min-width:690px){.stk-20a814a {flex:var(--stk-flex-grow, 1) 1 calc(75% - var(--stk-column-gap, 0px) * 1 \/ 2 ) !important;}}<\/style><div class=\"stk-column-wrapper stk-block-column__content stk-container stk-20a814a-container stk--no-background stk--no-padding\"><div class=\"stk-block-content stk-inner-blocks stk-20a814a-inner-blocks\">\n<div class=\"wp-block-stackable-columns stk-block-columns stk-block stk-af551fa\" data-block-id=\"af551fa\"><div class=\"stk-row stk-inner-blocks stk-block-content stk-content-align stk-af551fa-column\">\n<div class=\"wp-block-stackable-column stk-block-column stk-column stk-block stk-dcd267e\" data-v=\"4\" data-block-id=\"dcd267e\"><div class=\"stk-column-wrapper stk-block-column__content stk-container stk-dcd267e-container stk--no-background stk--no-padding\"><div class=\"stk-block-content stk-inner-blocks stk-dcd267e-inner-blocks\">\n<div class=\"wp-block-stackable-text stk-block-text stk-block stk-98f6662\" data-block-id=\"98f6662\"><style>.stk-98f6662 {margin-bottom:0px !important;}.stk-98f6662 .stk-block-text__text{font-size:22px !important;color:var(--theme-palette-color-8, #ffffff) !important;}@media screen and (max-width:999px){.stk-98f6662 .stk-block-text__text{font-size:22px !important;}}<\/style><p class=\"stk-block-text__text has-text-color\">La Factor\u00eda Musical <\/p><\/div>\n\n\n\n<div class=\"wp-block-stackable-text stk-block-text stk-block stk-de37920\" data-block-id=\"de37920\"><style>.stk-de37920 {margin-bottom:15px !important;}.stk-de37920 .stk-block-text__text{font-size:17px !important;color:var(--theme-palette-color-3, #504e4a) !important;}@media screen and (max-width:999px){.stk-de37920 .stk-block-text__text{font-size:17px !important;}}<\/style><p class=\"stk-block-text__text has-text-color\">Pl. Mary Santpere s\/n, 08940 Cornell\u00e0 de Llobregat<\/p><\/div>\n<\/div><\/div><\/div>\n\n\n\n<div class=\"wp-block-stackable-column stk-block-column stk-column stk-block stk-fe2b553\" data-v=\"4\" data-block-id=\"fe2b553\"><style>.stk-fe2b553 {align-self:center !important;}<\/style><div class=\"stk-column-wrapper stk-block-column__content stk-container stk-fe2b553-container stk--no-background stk--no-padding\"><div class=\"has-text-align-center stk-block-content stk-inner-blocks stk-fe2b553-inner-blocks\">\n<div class=\"wp-block-stackable-button-group stk-block-button-group stk-block stk-eacdf53\" data-block-id=\"eacdf53\"><div class=\"stk-row stk-inner-blocks stk-block-content stk-button-group\">\n<div class=\"wp-block-stackable-button stk-block-button is-style-ghost stk-block stk-894bc68\" data-block-id=\"894bc68\"><style>.stk-894bc68 .stk-button{background:transparent !important;}.stk-894bc68 .stk-button:hover:after{background:transparent !important;opacity:1 !important;}:where(.stk-hover-parent:hover,  .stk-hover-parent.stk--is-hovered) .stk-894bc68 .stk-button:after{background:transparent !important;opacity:1 !important;}.stk-894bc68 .stk-button:before{border-style:solid !important;border-color:#cf2e2e !important;}.stk-894bc68 .stk-button .stk--inner-svg svg:last-child, .stk-894bc68 .stk-button .stk--inner-svg svg:last-child :is(g, path, rect, polygon, ellipse){fill:#cf2e2e !important;}.stk-894bc68 .stk-button__inner-text{color:#cf2e2e !important;}<\/style><a class=\"stk-link stk-button stk--hover-effect-darken\" href=\"\"><span class=\"has-text-color stk-button__inner-text\">Entrada libre<\/span><\/a><\/div>\n<\/div><\/div>\n<\/div><\/div><\/div>\n<\/div><\/div>\n<\/div><\/div><\/div>\n<\/div><\/div>\n\n\n\n<div class=\"wp-block-stackable-columns stk-block-columns stk-block stk-17d328d\" data-block-id=\"17d328d\"><style>.stk-17d328d {min-height:0px !important;}<\/style><div class=\"stk-row stk-inner-blocks stk-block-content stk-content-align stk-17d328d-column\">\n<div class=\"wp-block-stackable-column stk-block-column stk-column stk-block stk-66b729f\" data-v=\"4\" data-block-id=\"66b729f\"><style>.stk-66b729f {align-self:center !important;}@media screen and (min-width:690px){.stk-66b729f {flex:var(--stk-flex-grow, 1) 1 calc(25% - var(--stk-column-gap, 0px) * 1 \/ 2 ) !important;}}<\/style><div class=\"stk-column-wrapper stk-block-column__content stk-container stk-66b729f-container stk--no-background stk--no-padding\"><div class=\"stk-block-content stk-inner-blocks stk-66b729f-inner-blocks\">\n<h4 class=\"wp-block-heading\">December 7, 2025<\/h4>\n\n\n\n<div class=\"wp-block-stackable-text stk-block-text stk-block stk-37c4733\" data-block-id=\"37c4733\"><style>.stk-37c4733 {margin-top:-20px !important;}.stk-37c4733 .stk-block-text__text{font-size:22px !important;color:var(--theme-palette-color-8, #ffffff) !important;}@media screen and (max-width:999px){.stk-37c4733 .stk-block-text__text{font-size:22px !important;}}<\/style><p class=\"stk-block-text__text has-text-color\">21h00<\/p><\/div>\n<\/div><\/div><\/div>\n\n\n\n<div class=\"wp-block-stackable-column stk-block-column stk-column stk-block stk-9a565e7 stk-block-background\" data-v=\"4\" data-block-id=\"9a565e7\"><style>.stk-9a565e7 {background-color:var(--theme-palette-color-7, #fcf0c7) !important;border-top-left-radius:5px !important;border-top-right-radius:5px !important;border-bottom-right-radius:5px !important;border-bottom-left-radius:5px !important;overflow:hidden !important;min-height:0px !important;}.stk-9a565e7:before{background-color:var(--theme-palette-color-7, #fcf0c7) !important;}@media screen and (min-width:690px){.stk-9a565e7 {flex:var(--stk-flex-grow, 1) 1 calc(75% - var(--stk-column-gap, 0px) * 1 \/ 2 ) !important;}}<\/style><div class=\"stk-column-wrapper stk-block-column__content stk-container stk-9a565e7-container stk--no-background stk--no-padding\"><div class=\"stk-block-content stk-inner-blocks stk-9a565e7-inner-blocks\">\n<div class=\"wp-block-stackable-columns stk-block-columns stk-block stk-d45cbe1\" data-block-id=\"d45cbe1\"><div class=\"stk-row stk-inner-blocks stk-block-content stk-content-align stk-d45cbe1-column\">\n<div class=\"wp-block-stackable-column stk-block-column stk-column stk-block stk-dbc5a48\" data-v=\"4\" data-block-id=\"dbc5a48\"><div class=\"stk-column-wrapper stk-block-column__content stk-container stk-dbc5a48-container stk--no-background stk--no-padding\"><div class=\"stk-block-content stk-inner-blocks stk-dbc5a48-inner-blocks\">\n<div class=\"wp-block-stackable-text stk-block-text stk-block stk-f9161de\" data-block-id=\"f9161de\"><style>.stk-f9161de {margin-bottom:0px !important;}.stk-f9161de .stk-block-text__text{font-size:22px !important;color:var(--theme-palette-color-8, #ffffff) !important;}@media screen and (max-width:999px){.stk-f9161de .stk-block-text__text{font-size:22px !important;}}<\/style><p class=\"stk-block-text__text has-text-color\">Sala Even<\/p><\/div>\n\n\n\n<div class=\"wp-block-stackable-text stk-block-text stk-block stk-2105789\" data-block-id=\"2105789\"><style>.stk-2105789 {margin-bottom:15px !important;}.stk-2105789 .stk-block-text__text{font-size:17px !important;color:var(--theme-palette-color-3, #504e4a) !important;}@media screen and (max-width:999px){.stk-2105789 .stk-block-text__text{font-size:17px !important;}}<\/style><p class=\"stk-block-text__text has-text-color\">C. Jos\u00e9 D\u00edaz 5, Sevilla<\/p><\/div>\n<\/div><\/div><\/div>\n\n\n\n<div class=\"wp-block-stackable-column stk-block-column stk-column stk-block stk-c80cb87\" data-v=\"4\" data-block-id=\"c80cb87\"><style>.stk-c80cb87 {align-self:center !important;}<\/style><div class=\"stk-column-wrapper stk-block-column__content stk-container stk-c80cb87-container stk--no-background stk--no-padding\"><div class=\"has-text-align-center stk-block-content stk-inner-blocks stk-c80cb87-inner-blocks\">\n<div class=\"wp-block-stackable-button-group stk-block-button-group stk-block stk-4824f7a\" data-block-id=\"4824f7a\"><div class=\"stk-row stk-inner-blocks stk-block-content stk-button-group\">\n<div class=\"wp-block-stackable-button stk-block-button stk-block stk-2b15dcd\" data-block-id=\"2b15dcd\"><style>.stk-2b15dcd .stk-button{background:#cf2e2e !important;}<\/style><a class=\"stk-link stk-button stk--hover-effect-scale-more\" href=\"https:\/\/jfpromotickets.es\/events\/red-n-rebel-reverendos-jem-en-sevilla\" target=\"_blank\" rel=\"noopener\"><span class=\"stk-button__inner-text\">Entradas<\/span><\/a><\/div>\n<\/div><\/div>\n<\/div><\/div><\/div>\n<\/div><\/div>\n<\/div><\/div><\/div>\n<\/div><\/div>\n\n\n\n<div class=\"wp-block-stackable-columns stk-block-columns stk-block stk-b4eb6a4\" data-block-id=\"b4eb6a4\"><style>.stk-b4eb6a4 {min-height:0px !important;}@media screen and (max-width:689px){.stk-b4eb6a4 {margin-bottom:90px !important;}}<\/style><div class=\"stk-row stk-inner-blocks stk-block-content stk-content-align stk-b4eb6a4-column\">\n<div class=\"wp-block-stackable-column stk-block-column stk-column stk-block stk-1653fb3\" data-v=\"4\" data-block-id=\"1653fb3\"><style>.stk-1653fb3 {align-self:center !important;}@media screen and (min-width:690px){.stk-1653fb3 {flex:var(--stk-flex-grow, 1) 1 calc(25% - var(--stk-column-gap, 0px) * 1 \/ 2 ) !important;}}<\/style><div class=\"stk-column-wrapper stk-block-column__content stk-container stk-1653fb3-container stk--no-background stk--no-padding\"><div class=\"stk-block-content stk-inner-blocks stk-1653fb3-inner-blocks\">\n<h4 class=\"wp-block-heading\">30 Mayo, 2026<\/h4>\n\n\n\n<div class=\"wp-block-stackable-text stk-block-text stk-block stk-bf812da\" data-block-id=\"bf812da\"><style>.stk-bf812da {margin-top:-20px !important;}.stk-bf812da .stk-block-text__text{font-size:22px !important;color:var(--theme-palette-color-8, #ffffff) !important;}@media screen and (max-width:999px){.stk-bf812da .stk-block-text__text{font-size:22px !important;}}<\/style><p class=\"stk-block-text__text has-text-color\"><\/p><\/div>\n<\/div><\/div><\/div>\n\n\n\n<div class=\"wp-block-stackable-column stk-block-column stk-column stk-block stk-85cfb11 stk-block-background\" data-v=\"4\" data-block-id=\"85cfb11\"><style>.stk-85cfb11 {background-color:var(--theme-palette-color-7, #fcf0c7) !important;border-top-left-radius:5px !important;border-top-right-radius:5px !important;border-bottom-right-radius:5px !important;border-bottom-left-radius:5px !important;overflow:hidden !important;min-height:0px !important;}.stk-85cfb11:before{background-color:var(--theme-palette-color-7, #fcf0c7) !important;}@media screen and (min-width:690px){.stk-85cfb11 {flex:var(--stk-flex-grow, 1) 1 calc(75% - var(--stk-column-gap, 0px) * 1 \/ 2 ) !important;}}<\/style><div class=\"stk-column-wrapper stk-block-column__content stk-container stk-85cfb11-container stk--no-background stk--no-padding\"><div class=\"stk-block-content stk-inner-blocks stk-85cfb11-inner-blocks\">\n<div class=\"wp-block-stackable-columns stk-block-columns stk-block stk-477792a\" data-block-id=\"477792a\"><div class=\"stk-row stk-inner-blocks stk-block-content stk-content-align stk-477792a-column\">\n<div class=\"wp-block-stackable-column stk-block-column stk-column stk-block stk-d95c371\" data-v=\"4\" data-block-id=\"d95c371\"><div class=\"stk-column-wrapper stk-block-column__content stk-container stk-d95c371-container stk--no-background stk--no-padding\"><div class=\"stk-block-content stk-inner-blocks stk-d95c371-inner-blocks\">\n<div class=\"wp-block-stackable-text stk-block-text stk-block stk-7f5a3b4\" data-block-id=\"7f5a3b4\"><style>.stk-7f5a3b4 {margin-bottom:0px !important;}.stk-7f5a3b4 .stk-block-text__text{font-size:22px !important;color:var(--theme-palette-color-8, #ffffff) !important;}@media screen and (max-width:999px){.stk-7f5a3b4 .stk-block-text__text{font-size:22px !important;}}<\/style><p class=\"stk-block-text__text has-text-color\">Sala Almo2bar <\/p><\/div>\n\n\n\n<div class=\"wp-block-stackable-text stk-block-text stk-block stk-1ebb7bf\" data-block-id=\"1ebb7bf\"><style>.stk-1ebb7bf {margin-bottom:15px !important;}.stk-1ebb7bf .stk-block-text__text{font-size:17px !important;color:var(--theme-palette-color-3, #504e4a) !important;}@media screen and (max-width:999px){.stk-1ebb7bf .stk-block-text__text{font-size:17px !important;}}<\/style><p class=\"stk-block-text__text has-text-color\">C. Bruniquer, 59-61, Barcelona<\/p><\/div>\n<\/div><\/div><\/div>\n\n\n\n<div class=\"wp-block-stackable-column stk-block-column stk-column stk-block stk-2fe058f\" data-v=\"4\" data-block-id=\"2fe058f\"><style>.stk-2fe058f {align-self:center !important;}<\/style><div class=\"stk-column-wrapper stk-block-column__content stk-container stk-2fe058f-container stk--no-background stk--no-padding\"><div class=\"has-text-align-center stk-block-content stk-inner-blocks stk-2fe058f-inner-blocks\"><\/div><\/div><\/div>\n<\/div><\/div>\n<\/div><\/div><\/div>\n<\/div><\/div>\n\n\n\n<p><\/p>","protected":false},"excerpt":{"rendered":"<p>Pr\u00f3ximos eventos 21 Noviembre, 2025 La Factor\u00eda Musical Pl. Mary Santpere s\/n, 08940 Cornell\u00e0 de Llobregat Entrada libre 7 Diciembre, 2025 21h00 Sala Even C. Jos\u00e9 D\u00edaz 5, Sevilla Entradas 30 Mayo, 2026 Sala Almo2bar C. Bruniquer, 59-61, Barcelona<\/p>","protected":false},"author":1,"featured_media":0,"parent":0,"menu_order":0,"comment_status":"closed","ping_status":"closed","template":"","meta":{"footnotes":""},"class_list":["post-17","page","type-page","status-publish","hentry"],"blocksy_meta":{"has_hero_section":"disabled","styles_descriptor":{"styles":{"desktop":"","tablet":"","mobile":""},"google_fonts":[],"version":6}},"_links":{"self":[{"href":"https:\/\/rednrebelband.com\/en\/wp-json\/wp\/v2\/pages\/17","targetHints":{"allow":["GET"]}}],"collection":[{"href":"https:\/\/rednrebelband.com\/en\/wp-json\/wp\/v2\/pages"}],"about":[{"href":"https:\/\/rednrebelband.com\/en\/wp-json\/wp\/v2\/types\/page"}],"author":[{"embeddable":true,"href":"https:\/\/rednrebelband.com\/en\/wp-json\/wp\/v2\/users\/1"}],"replies":[{"embeddable":true,"href":"https:\/\/rednrebelband.com\/en\/wp-json\/wp\/v2\/comments?post=17"}],"version-history":[{"count":70,"href":"https:\/\/rednrebelband.com\/en\/wp-json\/wp\/v2\/pages\/17\/revisions"}],"predecessor-version":[{"id":2066,"href":"https:\/\/rednrebelband.com\/en\/wp-json\/wp\/v2\/pages\/17\/revisions\/2066"}],"wp:attachment":[{"href":"https:\/\/rednrebelband.com\/en\/wp-json\/wp\/v2\/media?parent=17"}],"curies":[{"name":"wp","href":"https:\/\/api.w.org\/{rel}","templated":true}]}}